{"id":672,"date":"2024-02-28T18:33:57","date_gmt":"2024-02-28T17:33:57","guid":{"rendered":"https:\/\/menesesarchitecture.com\/?page_id=672"},"modified":"2025-06-05T16:09:02","modified_gmt":"2025-06-05T14:09:02","slug":"meneses-architecture","status":"publish","type":"page","link":"https:\/\/menesesarchitecture.com\/index.php\/meneses-architecture\/","title":{"rendered":"MENESES ARCHITECTURE"},"content":{"rendered":"\t\t<div data-elementor-type=\"wp-page\" data-elementor-id=\"672\" class=\"elementor elementor-672\">\n\t\t\t\t\t\t\t<div class=\"elementor-element elementor-element-35388f5 e-flex e-con-boxed e-con e-parent\" data-id=\"35388f5\" data-element_type=\"container\" data-settings=\"{&quot;content_width&quot;:&quot;boxed&quot;}\" data-core-v316-plus=\"true\">\n\t\t\t\t\t<div class=\"e-con-inner\">\n\t\t\t\t<div class=\"elementor-element elementor-element-908f4f3 exad-sticky-section-no exad-glass-effect-no elementor-widget elementor-widget-spacer\" data-id=\"908f4f3\" data-element_type=\"widget\" data-widget_type=\"spacer.default\">\n\t\t\t\t<div class=\"elementor-widget-container\">\n\t\t\t<style>\/*! elementor - v3.18.0 - 20-12-2023 *\/\n.elementor-column .elementor-spacer-inner{height:var(--spacer-size)}.e-con{--container-widget-width:100%}.e-con-inner>.elementor-widget-spacer,.e-con>.elementor-widget-spacer{width:var(--container-widget-width,var(--spacer-size));--align-self:var(--container-widget-align-self,initial);--flex-shrink:0}.e-con-inner>.elementor-widget-spacer>.elementor-widget-container,.e-con>.elementor-widget-spacer>.elementor-widget-container{height:100%;width:100%}.e-con-inner>.elementor-widget-spacer>.elementor-widget-container>.elementor-spacer,.e-con>.elementor-widget-spacer>.elementor-widget-container>.elementor-spacer{height:100%}.e-con-inner>.elementor-widget-spacer>.elementor-widget-container>.elementor-spacer>.elementor-spacer-inner,.e-con>.elementor-widget-spacer>.elementor-widget-container>.elementor-spacer>.elementor-spacer-inner{height:var(--container-widget-height,var(--spacer-size))}.e-con-inner>.elementor-widget-spacer.elementor-widget-empty,.e-con>.elementor-widget-spacer.elementor-widget-empty{position:relative;min-height:22px;min-width:22px}.e-con-inner>.elementor-widget-spacer.elementor-widget-empty .elementor-widget-empty-icon,.e-con>.elementor-widget-spacer.elementor-widget-empty .elementor-widget-empty-icon{position:absolute;top:0;bottom:0;left:0;right:0;margin:auto;padding:0;width:22px;height:22px}<\/style>\t\t<div class=\"elementor-spacer\">\n\t\t\t<div class=\"elementor-spacer-inner\"><\/div>\n\t\t<\/div>\n\t\t\t\t<\/div>\n\t\t\t\t<\/div>\n\t\t\t\t<div class=\"elementor-element elementor-element-e62928d exad-sticky-section-no exad-glass-effect-no elementor-widget elementor-widget-heading\" data-id=\"e62928d\" data-element_type=\"widget\" data-widget_type=\"heading.default\">\n\t\t\t\t<div class=\"elementor-widget-container\">\n\t\t\t<style>\/*! elementor - v3.18.0 - 20-12-2023 *\/\n.elementor-heading-title{padding:0;margin:0;line-height:1}.elementor-widget-heading .elementor-heading-title[class*=elementor-size-]>a{color:inherit;font-size:inherit;line-height:inherit}.elementor-widget-heading .elementor-heading-title.elementor-size-small{font-size:15px}.elementor-widget-heading .elementor-heading-title.elementor-size-medium{font-size:19px}.elementor-widget-heading .elementor-heading-title.elementor-size-large{font-size:29px}.elementor-widget-heading .elementor-heading-title.elementor-size-xl{font-size:39px}.elementor-widget-heading .elementor-heading-title.elementor-size-xxl{font-size:59px}<\/style><h1 class=\"elementor-heading-title elementor-size-xl\">MENESES ARCHITECTURE<\/h1>\t\t<\/div>\n\t\t\t\t<\/div>\n\t\t\t\t\t<\/div>\n\t\t\t\t<\/div>\n\t\t<div class=\"elementor-element elementor-element-654a399 e-flex e-con-boxed e-con e-parent\" data-id=\"654a399\" data-element_type=\"container\" data-settings=\"{&quot;content_width&quot;:&quot;boxed&quot;}\" data-core-v316-plus=\"true\">\n\t\t\t\t\t<div class=\"e-con-inner\">\n\t\t<div class=\"elementor-element elementor-element-9bb6fe0 e-con-full elementor-hidden-mobile e-flex e-con e-child\" data-id=\"9bb6fe0\" data-element_type=\"container\" data-settings=\"{&quot;content_width&quot;:&quot;full&quot;}\">\n\t\t\t\t<\/div>\n\t\t\t\t<div class=\"elementor-element elementor-element-cc48fbf elementor-widget-tablet__width-initial exad-sticky-section-no exad-glass-effect-no elementor-widget elementor-widget-spacer\" data-id=\"cc48fbf\" data-element_type=\"widget\" data-widget_type=\"spacer.default\">\n\t\t\t\t<div class=\"elementor-widget-container\">\n\t\t\t\t\t<div class=\"elementor-spacer\">\n\t\t\t<div class=\"elementor-spacer-inner\"><\/div>\n\t\t<\/div>\n\t\t\t\t<\/div>\n\t\t\t\t<\/div>\n\t\t<div class=\"elementor-element elementor-element-785e450 e-con-full e-flex e-con e-child\" data-id=\"785e450\" data-element_type=\"container\" data-settings=\"{&quot;content_width&quot;:&quot;full&quot;}\">\n\t\t\t\t<div class=\"elementor-element elementor-element-c8aa0e5 exad-sticky-section-no exad-glass-effect-no elementor-widget elementor-widget-spacer\" data-id=\"c8aa0e5\" data-element_type=\"widget\" data-widget_type=\"spacer.default\">\n\t\t\t\t<div class=\"elementor-widget-container\">\n\t\t\t\t\t<div class=\"elementor-spacer\">\n\t\t\t<div class=\"elementor-spacer-inner\"><\/div>\n\t\t<\/div>\n\t\t\t\t<\/div>\n\t\t\t\t<\/div>\n\t\t\t\t<div class=\"elementor-element elementor-element-4ca796d exad-sticky-section-no exad-glass-effect-no elementor-widget elementor-widget-text-editor\" data-id=\"4ca796d\" data-element_type=\"widget\" data-widget_type=\"text-editor.default\">\n\t\t\t\t<div class=\"elementor-widget-container\">\n\t\t\t<style>\/*! elementor - v3.18.0 - 20-12-2023 *\/\n.elementor-widget-text-editor.elementor-drop-cap-view-stacked .elementor-drop-cap{background-color:#69727d;color:#fff}.elementor-widget-text-editor.elementor-drop-cap-view-framed .elementor-drop-cap{color:#69727d;border:3px solid;background-color:transparent}.elementor-widget-text-editor:not(.elementor-drop-cap-view-default) .elementor-drop-cap{margin-top:8px}.elementor-widget-text-editor:not(.elementor-drop-cap-view-default) .elementor-drop-cap-letter{width:1em;height:1em}.elementor-widget-text-editor .elementor-drop-cap{float:left;text-align:center;line-height:1;font-size:50px}.elementor-widget-text-editor .elementor-drop-cap-letter{display:inline-block}<\/style>\t\t\t\t<p><b>\u00a0\u00a0<\/b>Je suis <strong data-start=\"207\" data-end=\"232\">Ludmilla Meneses<\/strong>, architecte d\u2019int\u00e9rieur br\u00e9silienne install\u00e9e en France, passionn\u00e9e par la transformation des espaces en refuges contemporains o\u00f9 l\u2019\u00e9l\u00e9gance, le confort et la personnalit\u00e9 se rencontrent.<b>\u00a0<\/b><\/p>\t\t\t\t\t\t<\/div>\n\t\t\t\t<\/div>\n\t\t\t\t<\/div>\n\t\t\t\t<div class=\"elementor-element elementor-element-9716d86 exad-sticky-section-no exad-glass-effect-no elementor-widget elementor-widget-spacer\" data-id=\"9716d86\" data-element_type=\"widget\" data-widget_type=\"spacer.default\">\n\t\t\t\t<div class=\"elementor-widget-container\">\n\t\t\t\t\t<div class=\"elementor-spacer\">\n\t\t\t<div class=\"elementor-spacer-inner\"><\/div>\n\t\t<\/div>\n\t\t\t\t<\/div>\n\t\t\t\t<\/div>\n\t\t<div class=\"elementor-element elementor-element-cbb8f85 e-con-full elementor-hidden-mobile e-flex e-con e-child\" data-id=\"cbb8f85\" data-element_type=\"container\" data-settings=\"{&quot;content_width&quot;:&quot;full&quot;}\">\n\t\t\t\t<\/div>\n\t\t\t\t\t<\/div>\n\t\t\t\t<\/div>\n\t\t<div class=\"elementor-element elementor-element-5e2ee72 elementor-hidden-tablet e-flex e-con-boxed e-con e-parent\" data-id=\"5e2ee72\" data-element_type=\"container\" data-settings=\"{&quot;content_width&quot;:&quot;boxed&quot;}\" data-core-v316-plus=\"true\">\n\t\t\t\t\t<div class=\"e-con-inner\">\n\t\t<div class=\"elementor-element elementor-element-e8edce7 e-con-full e-flex e-con e-child\" data-id=\"e8edce7\" data-element_type=\"container\" data-settings=\"{&quot;content_width&quot;:&quot;full&quot;}\">\n\t\t\t\t<div class=\"elementor-element elementor-element-7a390b9 elementor-widget__width-initial exad-sticky-section-no exad-glass-effect-no elementor-widget elementor-widget-image\" data-id=\"7a390b9\" data-element_type=\"widget\" data-widget_type=\"image.default\">\n\t\t\t\t<div class=\"elementor-widget-container\">\n\t\t\t<style>\/*! elementor - v3.18.0 - 20-12-2023 *\/\n.elementor-widget-image{text-align:center}.elementor-widget-image a{display:inline-block}.elementor-widget-image a img[src$=\".svg\"]{width:48px}.elementor-widget-image img{vertical-align:middle;display:inline-block}<\/style>\t\t\t\t\t\t\t\t\t\t\t\t<img fetchpriority=\"high\" decoding=\"async\" width=\"682\" height=\"1024\" src=\"https:\/\/menesesarchitecture.com\/wp-content\/uploads\/2024\/07\/Beige-Aesthetic-Pastel-Collage-Memories-Moodboard-Portrait-Photo-Collage-682x1024.png\" class=\"attachment-large size-large wp-image-978\" alt=\"\" srcset=\"https:\/\/menesesarchitecture.com\/wp-content\/uploads\/2024\/07\/Beige-Aesthetic-Pastel-Collage-Memories-Moodboard-Portrait-Photo-Collage-682x1024.png 682w, https:\/\/menesesarchitecture.com\/wp-content\/uploads\/2024\/07\/Beige-Aesthetic-Pastel-Collage-Memories-Moodboard-Portrait-Photo-Collage-200x300.png 200w, https:\/\/menesesarchitecture.com\/wp-content\/uploads\/2024\/07\/Beige-Aesthetic-Pastel-Collage-Memories-Moodboard-Portrait-Photo-Collage-768x1152.png 768w, https:\/\/menesesarchitecture.com\/wp-content\/uploads\/2024\/07\/Beige-Aesthetic-Pastel-Collage-Memories-Moodboard-Portrait-Photo-Collage-1024x1536.png 1024w, https:\/\/menesesarchitecture.com\/wp-content\/uploads\/2024\/07\/Beige-Aesthetic-Pastel-Collage-Memories-Moodboard-Portrait-Photo-Collage-600x900.png 600w, https:\/\/menesesarchitecture.com\/wp-content\/uploads\/2024\/07\/Beige-Aesthetic-Pastel-Collage-Memories-Moodboard-Portrait-Photo-Collage.png 1333w\" sizes=\"(max-width: 682px) 100vw, 682px\" \/>\t\t\t\t\t\t\t\t\t\t\t\t\t\t\t<\/div>\n\t\t\t\t<\/div>\n\t\t\t\t<\/div>\n\t\t\t\t<div class=\"elementor-element elementor-element-0b34d9c elementor-widget__width-initial exad-sticky-section-no exad-glass-effect-no elementor-widget elementor-widget-spacer\" data-id=\"0b34d9c\" data-element_type=\"widget\" data-widget_type=\"spacer.default\">\n\t\t\t\t<div class=\"elementor-widget-container\">\n\t\t\t\t\t<div class=\"elementor-spacer\">\n\t\t\t<div class=\"elementor-spacer-inner\"><\/div>\n\t\t<\/div>\n\t\t\t\t<\/div>\n\t\t\t\t<\/div>\n\t\t<div class=\"elementor-element elementor-element-6f89c3b e-con-full e-flex e-con e-child\" data-id=\"6f89c3b\" data-element_type=\"container\" data-settings=\"{&quot;content_width&quot;:&quot;full&quot;}\">\n\t\t\t\t<div class=\"elementor-element elementor-element-268442e exad-sticky-section-no exad-glass-effect-no elementor-widget elementor-widget-spacer\" data-id=\"268442e\" data-element_type=\"widget\" data-widget_type=\"spacer.default\">\n\t\t\t\t<div class=\"elementor-widget-container\">\n\t\t\t\t\t<div class=\"elementor-spacer\">\n\t\t\t<div class=\"elementor-spacer-inner\"><\/div>\n\t\t<\/div>\n\t\t\t\t<\/div>\n\t\t\t\t<\/div>\n\t\t\t\t<div class=\"elementor-element elementor-element-9d47c97 elementor-widget__width-initial exad-sticky-section-no exad-glass-effect-no elementor-widget elementor-widget-text-editor\" data-id=\"9d47c97\" data-element_type=\"widget\" data-widget_type=\"text-editor.default\">\n\t\t\t\t<div class=\"elementor-widget-container\">\n\t\t\t\t\t\t\t<p data-start=\"237\" data-end=\"457\"><strong data-start=\"237\" data-end=\"265\">Je suis Ludmilla Meneses<\/strong>, architecte d\u2019int\u00e9rieur br\u00e9silienne install\u00e9e en France, passionn\u00e9e par la transformation des espaces en <strong data-start=\"371\" data-end=\"396\">refuges contemporains<\/strong> o\u00f9 l\u2019\u00e9l\u00e9gance, le confort et la personnalit\u00e9 se rencontrent.<\/p><p data-start=\"459\" data-end=\"916\">Architecte avec une solide exp\u00e9rience dans les projets r\u00e9sidentiels et l\u2019architecture d\u2019int\u00e9rieur, je puise mon inspiration dans le design contemporain -un style \u00e9pur\u00e9 et intemporel, qui privil\u00e9gie les lignes simples, les mati\u00e8res naturelles et une atmosph\u00e8re \u00e0 la fois raffin\u00e9e et accueillante- . J\u2019int\u00e8gre \u00e0 cette esth\u00e9tique une touche de chaleur et de sensorialit\u00e9, en jouant avec les textures, la lumi\u00e8re et le dialogue entre les mat\u00e9riaux.<\/p><p data-start=\"918\" data-end=\"1156\">Chez <strong data-start=\"923\" data-end=\"947\">Meneses Architecture<\/strong>, chaque projet est une rencontre entre <strong data-start=\"987\" data-end=\"1028\">fonctionnalit\u00e9, esth\u00e9tique et \u00e9motion<\/strong>. J\u2019accompagne mes clients de la conception \u00e0 la r\u00e9alisation, avec un regard sensible et une exigence de qualit\u00e9 \u00e0 chaque \u00e9tape.<\/p><p><span style=\"letter-spacing: 0px;\">Que ce soit pour <\/span><strong style=\"letter-spacing: 0px;\" data-start=\"1175\" data-end=\"1201\">r\u00e9nover un appartement<\/strong><span style=\"letter-spacing: 0px;\">, <\/span><strong style=\"letter-spacing: 0px;\" data-start=\"1203\" data-end=\"1238\">d\u00e9corer un espace professionnel<\/strong><span style=\"letter-spacing: 0px;\"> ou <\/span><strong style=\"letter-spacing: 0px;\" data-start=\"1242\" data-end=\"1271\">g\u00e9rer un chantier complet<\/strong><span style=\"letter-spacing: 0px;\">, mon objectif est de cr\u00e9er des <\/span><strong style=\"letter-spacing: 0px;\" data-start=\"1303\" data-end=\"1367\">lieux qui accueillent, inspirent et racontent votre histoire<\/strong><span style=\"letter-spacing: 0px;\">.<\/span><\/p>\t\t\t\t\t\t<\/div>\n\t\t\t\t<\/div>\n\t\t\t\t<\/div>\n\t\t\t\t<div class=\"elementor-element elementor-element-a7acd75 exad-sticky-section-no exad-glass-effect-no elementor-widget elementor-widget-spacer\" data-id=\"a7acd75\" data-element_type=\"widget\" data-widget_type=\"spacer.default\">\n\t\t\t\t<div class=\"elementor-widget-container\">\n\t\t\t\t\t<div class=\"elementor-spacer\">\n\t\t\t<div class=\"elementor-spacer-inner\"><\/div>\n\t\t<\/div>\n\t\t\t\t<\/div>\n\t\t\t\t<\/div>\n\t\t\t\t\t<\/div>\n\t\t\t\t<\/div>\n\t\t<div class=\"elementor-element elementor-element-682011a elementor-hidden-desktop elementor-hidden-mobile e-flex e-con-boxed e-con e-parent\" data-id=\"682011a\" data-element_type=\"container\" data-settings=\"{&quot;content_width&quot;:&quot;boxed&quot;}\" data-core-v316-plus=\"true\">\n\t\t\t\t\t<div class=\"e-con-inner\">\n\t\t\t\t<div class=\"elementor-element elementor-element-c7cb871 elementor-widget-tablet__width-initial exad-sticky-section-no exad-glass-effect-no elementor-widget elementor-widget-spacer\" data-id=\"c7cb871\" data-element_type=\"widget\" data-widget_type=\"spacer.default\">\n\t\t\t\t<div class=\"elementor-widget-container\">\n\t\t\t\t\t<div class=\"elementor-spacer\">\n\t\t\t<div class=\"elementor-spacer-inner\"><\/div>\n\t\t<\/div>\n\t\t\t\t<\/div>\n\t\t\t\t<\/div>\n\t\t<div class=\"elementor-element elementor-element-20474bb e-con-full e-flex e-con e-child\" data-id=\"20474bb\" data-element_type=\"container\" data-settings=\"{&quot;content_width&quot;:&quot;full&quot;}\">\n\t\t<div class=\"elementor-element elementor-element-902f1cf e-con-full e-flex e-con e-child\" data-id=\"902f1cf\" data-element_type=\"container\" data-settings=\"{&quot;content_width&quot;:&quot;full&quot;}\">\n\t\t\t\t<div class=\"elementor-element elementor-element-3fa9a7b elementor-widget__width-initial exad-sticky-section-no exad-glass-effect-no elementor-widget elementor-widget-image\" data-id=\"3fa9a7b\" data-element_type=\"widget\" data-widget_type=\"image.default\">\n\t\t\t\t<div class=\"elementor-widget-container\">\n\t\t\t\t\t\t\t\t\t\t\t\t\t\t\t<img decoding=\"async\" width=\"1024\" height=\"406\" src=\"https:\/\/menesesarchitecture.com\/wp-content\/uploads\/2024\/07\/Beige-Aesthetic-Pastel-Collage-Memories-Moodboard-Portrait-Photo-Collage-1-1024x406.png\" class=\"attachment-large size-large wp-image-979\" alt=\"\" srcset=\"https:\/\/menesesarchitecture.com\/wp-content\/uploads\/2024\/07\/Beige-Aesthetic-Pastel-Collage-Memories-Moodboard-Portrait-Photo-Collage-1-1024x406.png 1024w, https:\/\/menesesarchitecture.com\/wp-content\/uploads\/2024\/07\/Beige-Aesthetic-Pastel-Collage-Memories-Moodboard-Portrait-Photo-Collage-1-300x119.png 300w, https:\/\/menesesarchitecture.com\/wp-content\/uploads\/2024\/07\/Beige-Aesthetic-Pastel-Collage-Memories-Moodboard-Portrait-Photo-Collage-1-768x305.png 768w, https:\/\/menesesarchitecture.com\/wp-content\/uploads\/2024\/07\/Beige-Aesthetic-Pastel-Collage-Memories-Moodboard-Portrait-Photo-Collage-1-1536x609.png 1536w, https:\/\/menesesarchitecture.com\/wp-content\/uploads\/2024\/07\/Beige-Aesthetic-Pastel-Collage-Memories-Moodboard-Portrait-Photo-Collage-1-600x238.png 600w, https:\/\/menesesarchitecture.com\/wp-content\/uploads\/2024\/07\/Beige-Aesthetic-Pastel-Collage-Memories-Moodboard-Portrait-Photo-Collage-1.png 2000w\" sizes=\"(max-width: 1024px) 100vw, 1024px\" \/>\t\t\t\t\t\t\t\t\t\t\t\t\t\t\t<\/div>\n\t\t\t\t<\/div>\n\t\t\t\t<\/div>\n\t\t\t\t<div class=\"elementor-element elementor-element-50d6d9f exad-sticky-section-no exad-glass-effect-no elementor-widget elementor-widget-text-editor\" data-id=\"50d6d9f\" data-element_type=\"widget\" data-widget_type=\"text-editor.default\">\n\t\t\t\t<div class=\"elementor-widget-container\">\n\t\t\t\t\t\t\t<p><strong style=\"letter-spacing: 0px;\" data-start=\"237\" data-end=\"265\">Je suis Ludmilla Meneses<\/strong><span style=\"letter-spacing: 0px;\">, architecte d\u2019int\u00e9rieur br\u00e9silienne install\u00e9e en France, passionn\u00e9e par la transformation des espaces en<\/span><span style=\"letter-spacing: 0px;\">\u00a0<\/span><strong style=\"letter-spacing: 0px;\" data-start=\"371\" data-end=\"396\">refuges contemporains<\/strong><span style=\"letter-spacing: 0px;\">\u00a0<\/span><span style=\"letter-spacing: 0px;\">o\u00f9 l\u2019\u00e9l\u00e9gance, le confort et la personnalit\u00e9 se rencontrent.<\/span><\/p><p data-start=\"459\" data-end=\"916\">Architecte avec une solide exp\u00e9rience dans les projets r\u00e9sidentiels et l\u2019architecture d\u2019int\u00e9rieur, je puise mon inspiration dans le design contemporain -un style \u00e9pur\u00e9 et intemporel, qui privil\u00e9gie les lignes simples, les mati\u00e8res naturelles et une atmosph\u00e8re \u00e0 la fois raffin\u00e9e et accueillante- . J\u2019int\u00e8gre \u00e0 cette esth\u00e9tique une touche de chaleur et de sensorialit\u00e9, en jouant avec les textures, la lumi\u00e8re et le dialogue entre les mat\u00e9riaux.<\/p><p data-start=\"918\" data-end=\"1156\">Chez\u00a0<strong data-start=\"923\" data-end=\"947\">Meneses Architecture<\/strong>, chaque projet est une rencontre entre\u00a0<strong data-start=\"987\" data-end=\"1028\">fonctionnalit\u00e9, esth\u00e9tique et \u00e9motion<\/strong>. J\u2019accompagne mes clients de la conception \u00e0 la r\u00e9alisation, avec un regard sensible et une exigence de qualit\u00e9 \u00e0 chaque \u00e9tape.<\/p><p><span style=\"letter-spacing: 0px;\">Que ce soit pour\u00a0<\/span><strong style=\"letter-spacing: 0px;\" data-start=\"1175\" data-end=\"1201\">r\u00e9nover un appartement<\/strong><span style=\"letter-spacing: 0px;\">,\u00a0<\/span><strong style=\"letter-spacing: 0px;\" data-start=\"1203\" data-end=\"1238\">d\u00e9corer un espace professionnel<\/strong><span style=\"letter-spacing: 0px;\">\u00a0ou\u00a0<\/span><strong style=\"letter-spacing: 0px;\" data-start=\"1242\" data-end=\"1271\">g\u00e9rer un chantier complet<\/strong><span style=\"letter-spacing: 0px;\">, mon objectif est de cr\u00e9er des\u00a0<\/span><strong style=\"letter-spacing: 0px;\" data-start=\"1303\" data-end=\"1367\">lieux qui accueillent, inspirent et racontent votre histoire<\/strong><span style=\"letter-spacing: 0px;\">.<\/span><\/p>\t\t\t\t\t\t<\/div>\n\t\t\t\t<\/div>\n\t\t\t\t<\/div>\n\t\t\t\t\t<\/div>\n\t\t\t\t<\/div>\n\t\t<div class=\"elementor-element elementor-element-40175e2 e-flex e-con-boxed e-con e-parent\" data-id=\"40175e2\" data-element_type=\"container\" data-settings=\"{&quot;content_width&quot;:&quot;boxed&quot;}\" data-core-v316-plus=\"true\">\n\t\t\t\t\t<div class=\"e-con-inner\">\n\t\t\t\t<div class=\"elementor-element elementor-element-2edba42 exad-sticky-section-no exad-glass-effect-no elementor-widget elementor-widget-spacer\" data-id=\"2edba42\" data-element_type=\"widget\" data-widget_type=\"spacer.default\">\n\t\t\t\t<div class=\"elementor-widget-container\">\n\t\t\t\t\t<div class=\"elementor-spacer\">\n\t\t\t<div class=\"elementor-spacer-inner\"><\/div>\n\t\t<\/div>\n\t\t\t\t<\/div>\n\t\t\t\t<\/div>\n\t\t\t\t\t<\/div>\n\t\t\t\t<\/div>\n\t\t<div class=\"elementor-element elementor-element-a561ce6 e-flex e-con-boxed e-con e-parent\" data-id=\"a561ce6\" data-element_type=\"container\" data-settings=\"{&quot;content_width&quot;:&quot;boxed&quot;}\" data-core-v316-plus=\"true\">\n\t\t\t\t\t<div class=\"e-con-inner\">\n\t\t<div class=\"elementor-element elementor-element-c1a3bac e-con-full elementor-hidden-mobile e-flex e-con e-child\" data-id=\"c1a3bac\" data-element_type=\"container\" data-settings=\"{&quot;content_width&quot;:&quot;full&quot;}\">\n\t\t\t\t<\/div>\n\t\t<div class=\"elementor-element elementor-element-106bace e-con-full e-flex e-con e-child\" data-id=\"106bace\" data-element_type=\"container\" data-settings=\"{&quot;content_width&quot;:&quot;full&quot;}\">\n\t\t\t\t<div class=\"elementor-element elementor-element-b129b94 exad-sticky-section-no exad-glass-effect-no elementor-widget elementor-widget-heading\" data-id=\"b129b94\" data-element_type=\"widget\" data-widget_type=\"heading.default\">\n\t\t\t\t<div class=\"elementor-widget-container\">\n\t\t\t<h2 class=\"elementor-heading-title elementor-size-default\">Contactez-moi pour \u00e9changer sur votre projet<\/h2>\t\t<\/div>\n\t\t\t\t<\/div>\n\t\t\t\t<div class=\"elementor-element elementor-element-b56bc45 exad-sticky-section-no exad-glass-effect-no elementor-widget elementor-widget-shortcode\" data-id=\"b56bc45\" data-element_type=\"widget\" data-widget_type=\"shortcode.default\">\n\t\t\t\t<div class=\"elementor-widget-container\">\n\t\t\t\t\t<div class=\"elementor-shortcode\">\n<div class=\"wpcf7 no-js\" id=\"wpcf7-f440-o1\" lang=\"fr-FR\" dir=\"ltr\">\n<div class=\"screen-reader-response\"><p role=\"status\" aria-live=\"polite\" aria-atomic=\"true\"><\/p> <ul><\/ul><\/div>\n<form action=\"\/index.php\/wp-json\/wp\/v2\/pages\/672#wpcf7-f440-o1\" method=\"post\" class=\"wpcf7-form init\" aria-label=\"Formulaire de contact\" novalidate=\"novalidate\" data-status=\"init\">\n<div style=\"display: none;\">\n<input type=\"hidden\" name=\"_wpcf7\" value=\"440\" \/>\n<input type=\"hidden\" name=\"_wpcf7_version\" value=\"5.8.7\" \/>\n<input type=\"hidden\" name=\"_wpcf7_locale\" value=\"fr_FR\" \/>\n<input type=\"hidden\" name=\"_wpcf7_unit_tag\" value=\"wpcf7-f440-o1\" \/>\n<input type=\"hidden\" name=\"_wpcf7_container_post\" value=\"0\" \/>\n<input type=\"hidden\" name=\"_wpcf7_posted_data_hash\" value=\"\" \/>\n<\/div>\n<p><label> Nom et Pr\u00e9nom:<br \/>\n<span class=\"wpcf7-form-control-wrap\" data-name=\"your-name\"><input size=\"40\" class=\"wpcf7-form-control wpcf7-text wpcf7-validates-as-required\" autocomplete=\"name\" aria-required=\"true\" aria-invalid=\"false\" value=\"\" type=\"text\" name=\"your-name\" \/><\/span> <\/label>\n<\/p>\n<p><label> E-mail:<br \/>\n<span class=\"wpcf7-form-control-wrap\" data-name=\"your-email\"><input size=\"40\" class=\"wpcf7-form-control wpcf7-email wpcf7-validates-as-required wpcf7-text wpcf7-validates-as-email\" autocomplete=\"email\" aria-required=\"true\" aria-invalid=\"false\" value=\"\" type=\"email\" name=\"your-email\" \/><\/span> <\/label>\n<\/p>\n<p><label> T\u00e9l\u00e9phone<br \/>\n<span class=\"wpcf7-form-control-wrap\" data-name=\"tel-203\"><input size=\"40\" class=\"wpcf7-form-control wpcf7-tel wpcf7-text wpcf7-validates-as-tel\" aria-invalid=\"false\" value=\"\" type=\"tel\" name=\"tel-203\" \/><\/span> <\/label>\n<\/p>\n<p><label> Objet:<br \/>\n<span class=\"wpcf7-form-control-wrap\" data-name=\"your-subject\"><input size=\"40\" class=\"wpcf7-form-control wpcf7-text wpcf7-validates-as-required\" aria-required=\"true\" aria-invalid=\"false\" value=\"\" type=\"text\" name=\"your-subject\" \/><\/span> <\/label>\n<\/p>\n<p><label> Votre Projet:<br \/>\n<span class=\"wpcf7-form-control-wrap\" data-name=\"your-message\"><textarea cols=\"40\" rows=\"10\" class=\"wpcf7-form-control wpcf7-textarea\" aria-invalid=\"false\" name=\"your-message\"><\/textarea><\/span> <\/label>\n<\/p>\n<p><input class=\"wpcf7-form-control wpcf7-submit has-spinner\" type=\"submit\" value=\"Envoyer\" \/>\n<\/p><div class=\"wpcf7-response-output\" aria-hidden=\"true\"><\/div>\n<\/form>\n<\/div>\n<\/div>\n\t\t\t\t<\/div>\n\t\t\t\t<\/div>\n\t\t\t\t<\/div>\n\t\t<div class=\"elementor-element elementor-element-37450dc e-con-full e-flex e-con e-child\" data-id=\"37450dc\" data-element_type=\"container\" data-settings=\"{&quot;content_width&quot;:&quot;full&quot;}\">\n\t\t\t\t<\/div>\n\t\t\t\t\t<\/div>\n\t\t\t\t<\/div>\n\t\t\t\t\t\t\t<\/div>\n\t\t","protected":false},"excerpt":{"rendered":"<p>MENESES ARCHITECTURE \u00a0\u00a0Je suis Ludmilla Meneses, architecte d\u2019int\u00e9rieur br\u00e9silienne install\u00e9e en France, passionn\u00e9e par la transformation des espaces en refuges contemporains o\u00f9 l\u2019\u00e9l\u00e9gance, le confort et la personnalit\u00e9 se rencontrent.\u00a0 Je suis Ludmilla Meneses, architecte d\u2019int\u00e9rieur br\u00e9silienne install\u00e9e en France, passionn\u00e9e par la transformation des espaces en refuges contemporains o\u00f9 l\u2019\u00e9l\u00e9gance, le confort et la [&hellip;]<\/p>\n","protected":false},"author":1,"featured_media":0,"parent":0,"menu_order":0,"comment_status":"closed","ping_status":"closed","template":"elementor_header_footer","meta":{"_themeisle_gutenberg_block_has_review":false,"footnotes":""},"_links":{"self":[{"href":"https:\/\/menesesarchitecture.com\/index.php\/wp-json\/wp\/v2\/pages\/672"}],"collection":[{"href":"https:\/\/menesesarchitecture.com\/index.php\/wp-json\/wp\/v2\/pages"}],"about":[{"href":"https:\/\/menesesarchitecture.com\/index.php\/wp-json\/wp\/v2\/types\/page"}],"author":[{"embeddable":true,"href":"https:\/\/menesesarchitecture.com\/index.php\/wp-json\/wp\/v2\/users\/1"}],"replies":[{"embeddable":true,"href":"https:\/\/menesesarchitecture.com\/index.php\/wp-json\/wp\/v2\/comments?post=672"}],"version-history":[{"count":81,"href":"https:\/\/menesesarchitecture.com\/index.php\/wp-json\/wp\/v2\/pages\/672\/revisions"}],"predecessor-version":[{"id":1370,"href":"https:\/\/menesesarchitecture.com\/index.php\/wp-json\/wp\/v2\/pages\/672\/revisions\/1370"}],"wp:attachment":[{"href":"https:\/\/menesesarchitecture.com\/index.php\/wp-json\/wp\/v2\/media?parent=672"}],"curies":[{"name":"wp","href":"https:\/\/api.w.org\/{rel}","templated":true}]}}